{"id":893,"date":"2026-02-05T21:05:03","date_gmt":"2026-02-05T21:05:03","guid":{"rendered":"https:\/\/www.deecke-holding.com\/karriere\/"},"modified":"2026-02-12T11:05:44","modified_gmt":"2026-02-12T11:05:44","slug":"karriere","status":"publish","type":"page","link":"https:\/\/www.deecke-holding.com\/de\/karriere\/","title":{"rendered":"Karriere"},"content":{"rendered":"\t\t<div data-elementor-type=\"wp-page\" data-elementor-id=\"893\" class=\"elementor elementor-893 elementor-718\" data-elementor-post-type=\"page\">\n\t\t\t\t<div class=\"elementor-element elementor-element-b153228 e-flex e-con-boxed e-con e-parent\" data-id=\"b153228\" data-element_type=\"container\" data-e-type=\"container\" data-settings=\"{&quot;background_background&quot;:&quot;classic&quot;}\">\n\t\t\t\t\t<div class=\"e-con-inner\">\n\t\t<div class=\"elementor-element elementor-element-b181edc e-con-full e-flex e-con e-child\" data-id=\"b181edc\" data-element_type=\"container\" data-e-type=\"container\">\n\t\t\t\t<div class=\"elementor-element elementor-element-6441dd2 elementor-widget__width-initial elementor-widget elementor-widget-text-editor\" data-id=\"6441dd2\" data-element_type=\"widget\" data-e-type=\"widget\" data-widget_type=\"text-editor.default\">\n\t\t\t\t\t\t\t\t\t<p>Karriere<\/p>\t\t\t\t\t\t\t\t<\/div>\n\t\t\t\t<div class=\"elementor-element elementor-element-5a795c8 elementor-widget elementor-widget-heading\" data-id=\"5a795c8\" data-element_type=\"widget\" data-e-type=\"widget\" data-widget_type=\"heading.default\">\n\t\t\t\t\t<h2 class=\"elementor-heading-title elementor-size-default\">Karriere bei den Unternehmen der DEECKE HOLDING<\/h2>\t\t\t\t<\/div>\n\t\t\t\t<div class=\"elementor-element elementor-element-70cd1b1 elementor-widget elementor-widget-text-editor\" data-id=\"70cd1b1\" data-element_type=\"widget\" data-e-type=\"widget\" data-widget_type=\"text-editor.default\">\n\t\t\t\t\t\t\t\t\t<p>Suchen Sie eine neue Herausforderung in einem dynamischen Umfeld? Werden Sie Teil unseres Teams und gestalten Sie Ihre Zukunft mit uns! <\/p>\t\t\t\t\t\t\t\t<\/div>\n\t\t\t\t<\/div>\n\t\t<div class=\"elementor-element elementor-element-32dc57b e-con-full e-flex e-con e-child\" data-id=\"32dc57b\" data-element_type=\"container\" data-e-type=\"container\">\n\t\t\t\t<\/div>\n\t\t\t\t\t<\/div>\n\t\t\t\t<\/div>\n\t\t<div class=\"elementor-element elementor-element-32d6b87 e-flex e-con-boxed e-con e-parent\" data-id=\"32d6b87\" data-element_type=\"container\" data-e-type=\"container\" data-settings=\"{&quot;background_background&quot;:&quot;classic&quot;}\">\n\t\t\t\t\t<div class=\"e-con-inner\">\n\t\t<div class=\"elementor-element elementor-element-e49bb6b e-con-full e-flex e-con e-child\" data-id=\"e49bb6b\" data-element_type=\"container\" data-e-type=\"container\">\n\t\t\t\t<div class=\"elementor-element elementor-element-b39b5a0 elementor-widget__width-initial elementor-widget-mobile__width-initial elementor-widget elementor-widget-heading\" data-id=\"b39b5a0\" data-element_type=\"widget\" data-e-type=\"widget\" data-settings=\"{&quot;motion_fx_motion_fx_scrolling&quot;:&quot;yes&quot;,&quot;motion_fx_devices&quot;:[&quot;desktop&quot;,&quot;tablet&quot;,&quot;mobile&quot;]}\" data-widget_type=\"heading.default\">\n\t\t\t\t\t<h2 class=\"elementor-heading-title elementor-size-default\">Arbeiten im internationalen Umfeld \u2013<br>Werden Sie Teil des Teams<\/h2>\t\t\t\t<\/div>\n\t\t\t\t<div class=\"elementor-element elementor-element-6552813 elementor-widget elementor-widget-text-editor\" data-id=\"6552813\" data-element_type=\"widget\" data-e-type=\"widget\" data-widget_type=\"text-editor.default\">\n\t\t\t\t\t\t\t\t\t<p>Bei der DEECKE HOLDING setzen wir auf erfahrene und hochqualifizierte Fachkr\u00e4fte, die unsere Vision von Exzellenz in den Bereichen Financial Solutions, Immobilien, Marketing und Luxury Hospitality teilen. Wir bieten Ihnen die M\u00f6glichkeit, Ihre Expertise in einem dynamischen Umfeld einzubringen und gemeinsam mit uns zu wachsen. <\/p>\t\t\t\t\t\t\t\t<\/div>\n\t\t\t\t<\/div>\n\t\t<div class=\"elementor-element elementor-element-6b51c42 e-con-full e-flex e-con e-child\" data-id=\"6b51c42\" data-element_type=\"container\" data-e-type=\"container\">\n\t\t\t\t<div class=\"elementor-element elementor-element-42e680c elementor-widget__width-initial elementor-widget-mobile__width-initial elementor-widget elementor-widget-heading\" data-id=\"42e680c\" data-element_type=\"widget\" data-e-type=\"widget\" data-settings=\"{&quot;motion_fx_motion_fx_scrolling&quot;:&quot;yes&quot;,&quot;motion_fx_devices&quot;:[&quot;desktop&quot;,&quot;tablet&quot;,&quot;mobile&quot;]}\" data-widget_type=\"heading.default\">\n\t\t\t\t\t<h2 class=\"elementor-heading-title elementor-size-default\">Warum DEECKE HOLDING?<\/h2>\t\t\t\t<\/div>\n\t\t\t\t<div class=\"elementor-element elementor-element-c456da6 elementor-widget elementor-widget-text-editor\" data-id=\"c456da6\" data-element_type=\"widget\" data-e-type=\"widget\" data-widget_type=\"text-editor.default\">\n\t\t\t\t\t\t\t\t\t<p>Profitieren Sie von einem professionellen, innovativen Umfeld, flexiblen Strukturen und attraktiven Verg\u00fctungsmodellen. Arbeiten Sie an spannenden und anspruchsvollen Projekten mit echtem Mehrwert f\u00fcr unsere Kunden. Durch permanente Aus- und Weiterbildungen unterst\u00fctzen wir Sie gezielt bei Ihrer pers\u00f6nlichen Entwicklung und dem Ausbau Ihrer fachlichen Kompetenzen. Wir pflegen ein kollegiales Arbeitsumfeld mit flachen Hierarchien. Bei uns arbeiten Expertinnen und Experten aus verschiedenen Fachbereichen, um gemeinsam Spitzenleistungen zu erzielen.    <\/p>\t\t\t\t\t\t\t\t<\/div>\n\t\t\t\t<\/div>\n\t\t\t\t\t<\/div>\n\t\t\t\t<\/div>\n\t\t<div class=\"elementor-element elementor-element-f013402 e-flex e-con-boxed e-con e-parent\" data-id=\"f013402\" data-element_type=\"container\" data-e-type=\"container\" data-settings=\"{&quot;background_background&quot;:&quot;classic&quot;}\">\n\t\t\t\t\t<div class=\"e-con-inner\">\n\t\t<div class=\"elementor-element elementor-element-56c6df4 e-con-full e-flex e-con e-child\" data-id=\"56c6df4\" data-element_type=\"container\" data-e-type=\"container\" data-settings=\"{&quot;background_background&quot;:&quot;classic&quot;}\">\n\t\t\t\t<div class=\"elementor-element elementor-element-dd7c946 elementor-widget elementor-widget-text-editor\" data-id=\"dd7c946\" data-element_type=\"widget\" data-e-type=\"widget\" data-widget_type=\"text-editor.default\">\n\t\t\t\t\t\t\t\t\t<p>OFFENE STELLEN<\/p>\t\t\t\t\t\t\t\t<\/div>\n\t\t\t\t<\/div>\n\t\t\t\t\t<\/div>\n\t\t\t\t<\/div>\n\t\t<div class=\"elementor-element elementor-element-58b313c e-flex e-con-boxed e-con e-parent\" data-id=\"58b313c\" data-element_type=\"container\" data-e-type=\"container\">\n\t\t\t\t\t<div class=\"e-con-inner\">\n\t\t\t\t<div class=\"elementor-element elementor-element-7cff9d8 elementor-widget elementor-widget-deecke-careers-list\" data-id=\"7cff9d8\" data-element_type=\"widget\" data-e-type=\"widget\" data-widget_type=\"deecke-careers-list.default\">\n\t\t\t\t<div class=\"elementor-widget-container\">\n\t\t\t\t\t        <div class=\"deecke-careers-list deecke-logo-above\">\n                            <div class=\"deecke-company-group\" data-company-id=\"737\">\n                    <div class=\"deecke-company-header\">\n                                                    <img decoding=\"async\" class=\"deecke-company-logo\" src=\"https:\/\/www.deecke-holding.com\/wp-content\/uploads\/2026\/01\/DEECKE_Holding_Var1-300x31.png\" alt=\"Deecke Holding\" title=\"\">\n                                                <h3 class=\"deecke-company-name\">Deecke Holding<\/h3>\n                    <\/div>\n\n                    <div class=\"deecke-jobs-list\">\n                                                    <div class=\"deecke-job-item deecke-no-positions\">\n                                <span class=\"deecke-no-positions-text\">No open positions<\/span>\n                            <\/div>\n                                            <\/div>\n                <\/div>\n                            <div class=\"deecke-company-group\" data-company-id=\"738\">\n                    <div class=\"deecke-company-header\">\n                                                    <img decoding=\"async\" class=\"deecke-company-logo\" src=\"https:\/\/www.deecke-holding.com\/wp-content\/uploads\/2026\/02\/DEECKE_FinancialSolutions_PrivWealth_Logo-300x32.png\" alt=\"Deecke Financial Solutions\" title=\"\">\n                                                <h3 class=\"deecke-company-name\">Deecke Financial Solutions<\/h3>\n                    <\/div>\n\n                    <div class=\"deecke-jobs-list\">\n                                                                                    <a href=\"https:\/\/www.deecke-holding.com\/de\/careers\/allfinanz-berater-m-w-d\/\" class=\"deecke-job-item\">\n                                    <div class=\"deecke-job-info\">\n                                        <h4 class=\"deecke-job-title\">Allfinanz-Berater (m\/w\/d)<\/h4>\n                                        <span class=\"deecke-job-meta\">\n                                            Mannheim                                                                                            <span class=\"deecke-separator\">, <\/span>Full-time                                                                                    <\/span>\n                                    <\/div>\n                                    <span class=\"deecke-job-arrow\">\u2192<\/span>\n                                <\/a>\n                                                                        <\/div>\n                <\/div>\n                            <div class=\"deecke-company-group\" data-company-id=\"739\">\n                    <div class=\"deecke-company-header\">\n                                                    <img decoding=\"async\" class=\"deecke-company-logo\" src=\"https:\/\/www.deecke-holding.com\/wp-content\/uploads\/2026\/02\/DEECKE_RealEstate_LuxPropLogo-300x43.png\" alt=\"Deecke Real Estate\" title=\"\">\n                                                <h3 class=\"deecke-company-name\">Deecke Real Estate<\/h3>\n                    <\/div>\n\n                    <div class=\"deecke-jobs-list\">\n                                                    <div class=\"deecke-job-item deecke-no-positions\">\n                                <span class=\"deecke-no-positions-text\">No open positions<\/span>\n                            <\/div>\n                                            <\/div>\n                <\/div>\n                            <div class=\"deecke-company-group\" data-company-id=\"740\">\n                    <div class=\"deecke-company-header\">\n                                                    <img decoding=\"async\" class=\"deecke-company-logo\" src=\"https:\/\/www.deecke-holding.com\/wp-content\/uploads\/2026\/02\/DEECKE_CreativeAgency_MarKom_Logo-300x37.png\" alt=\"Deecke Creative Agency\" title=\"\">\n                                                <h3 class=\"deecke-company-name\">Deecke Creative Agency<\/h3>\n                    <\/div>\n\n                    <div class=\"deecke-jobs-list\">\n                                                    <div class=\"deecke-job-item deecke-no-positions\">\n                                <span class=\"deecke-no-positions-text\">No open positions<\/span>\n                            <\/div>\n                                            <\/div>\n                <\/div>\n                            <div class=\"deecke-company-group\" data-company-id=\"741\">\n                    <div class=\"deecke-company-header\">\n                                                    <img decoding=\"async\" class=\"deecke-company-logo\" src=\"https:\/\/www.deecke-holding.com\/wp-content\/uploads\/2026\/02\/LUXURYHOSPITALITY_PrivHidea_PerfCurat_Logo-300x39.png\" alt=\"Luxury Hospitality\" title=\"\">\n                                                <h3 class=\"deecke-company-name\">Luxury Hospitality<\/h3>\n                    <\/div>\n\n                    <div class=\"deecke-jobs-list\">\n                                                    <div class=\"deecke-job-item deecke-no-positions\">\n                                <span class=\"deecke-no-positions-text\">No open positions<\/span>\n                            <\/div>\n                                            <\/div>\n                <\/div>\n                    <\/div>\n        \t\t\t\t<\/div>\n\t\t\t\t<\/div>\n\t\t\t\t\t<\/div>\n\t\t\t\t<\/div>\n\t\t\t\t<\/div>\n\t\t","protected":false},"excerpt":{"rendered":"<p>Karriere Karriere bei den Unternehmen der DEECKE HOLDING Suchen Sie eine neue Herausforderung in einem dynamischen Umfeld? Werden Sie Teil unseres Teams und gestalten Sie Ihre Zukunft mit uns! Arbeiten im internationalen Umfeld \u2013Werden Sie Teil des Teams Bei der DEECKE HOLDING setzen wir auf erfahrene und hochqualifizierte Fachkr\u00e4fte, die unsere Vision von Exzellenz in [&hellip;]<\/p>\n","protected":false},"author":2,"featured_media":0,"parent":0,"menu_order":0,"comment_status":"closed","ping_status":"closed","template":"elementor_header_footer","meta":{"footnotes":""},"class_list":["post-893","page","type-page","status-publish","hentry"],"_links":{"self":[{"href":"https:\/\/www.deecke-holding.com\/de\/wp-json\/wp\/v2\/pages\/893","targetHints":{"allow":["GET"]}}],"collection":[{"href":"https:\/\/www.deecke-holding.com\/de\/wp-json\/wp\/v2\/pages"}],"about":[{"href":"https:\/\/www.deecke-holding.com\/de\/wp-json\/wp\/v2\/types\/page"}],"author":[{"embeddable":true,"href":"https:\/\/www.deecke-holding.com\/de\/wp-json\/wp\/v2\/users\/2"}],"replies":[{"embeddable":true,"href":"https:\/\/www.deecke-holding.com\/de\/wp-json\/wp\/v2\/comments?post=893"}],"version-history":[{"count":7,"href":"https:\/\/www.deecke-holding.com\/de\/wp-json\/wp\/v2\/pages\/893\/revisions"}],"predecessor-version":[{"id":1293,"href":"https:\/\/www.deecke-holding.com\/de\/wp-json\/wp\/v2\/pages\/893\/revisions\/1293"}],"wp:attachment":[{"href":"https:\/\/www.deecke-holding.com\/de\/wp-json\/wp\/v2\/media?parent=893"}],"curies":[{"name":"wp","href":"https:\/\/api.w.org\/{rel}","templated":true}]}}