{"id":1078,"date":"2026-02-10T16:39:25","date_gmt":"2026-02-10T16:39:25","guid":{"rendered":"https:\/\/www.deecke-holding.com\/kontaktieren-sie-uns\/"},"modified":"2026-02-10T17:05:31","modified_gmt":"2026-02-10T17:05:31","slug":"kontaktieren-sie-uns","status":"publish","type":"page","link":"https:\/\/www.deecke-holding.com\/de\/kontaktieren-sie-uns\/","title":{"rendered":"Kontaktieren Sie uns"},"content":{"rendered":"\t\t<div data-elementor-type=\"wp-page\" data-elementor-id=\"1078\" class=\"elementor elementor-1078 elementor-1071\" data-elementor-post-type=\"page\">\n\t\t\t\t<div class=\"elementor-element elementor-element-7f941c0 e-flex e-con-boxed e-con e-parent\" data-id=\"7f941c0\" data-element_type=\"container\" data-e-type=\"container\" data-settings=\"{&quot;background_background&quot;:&quot;classic&quot;}\">\n\t\t\t\t\t<div class=\"e-con-inner\">\n\t\t<div class=\"elementor-element elementor-element-a763753 e-con-full e-flex e-con e-child\" data-id=\"a763753\" data-element_type=\"container\" data-e-type=\"container\" data-settings=\"{&quot;background_background&quot;:&quot;classic&quot;}\">\n\t\t<div class=\"elementor-element elementor-element-52edefa e-con-full e-flex e-con e-child\" data-id=\"52edefa\" data-element_type=\"container\" data-e-type=\"container\">\n\t\t\t\t<div class=\"elementor-element elementor-element-3be8c5a elementor-widget elementor-widget-heading\" data-id=\"3be8c5a\" data-element_type=\"widget\" data-e-type=\"widget\" data-widget_type=\"heading.default\">\n\t\t\t\t\t<h1 class=\"elementor-heading-title elementor-size-default\">Lassen Sie uns sprechen \u2013<br>\u00fcber Ihre Ziele<\/h1>\t\t\t\t<\/div>\n\t\t\t\t<div class=\"elementor-element elementor-element-0fe5aab elementor-widget elementor-widget-text-editor\" data-id=\"0fe5aab\" data-element_type=\"widget\" data-e-type=\"widget\" data-widget_type=\"text-editor.default\">\n\t\t\t\t\t\t\t\t\t<p>W\u00e4hlen Sie aus. Gerne auch mehrere Themen. <\/p>\t\t\t\t\t\t\t\t<\/div>\n\t\t\t\t<\/div>\n\t\t<div class=\"elementor-element elementor-element-60cda8a e-con-full e-flex e-con e-child\" data-id=\"60cda8a\" data-element_type=\"container\" data-e-type=\"container\">\n\t\t<a class=\"elementor-element elementor-element-2b7ab05 e-con-full e-flex e-con e-child\" data-id=\"2b7ab05\" data-element_type=\"container\" data-e-type=\"container\" data-settings=\"{&quot;background_background&quot;:&quot;classic&quot;}\" href=\"#elementor-action%3Aaction%3Dpopup%3Aopen%26settings%3DeyJpZCI6ODcxLCJ0b2dnbGUiOmZhbHNlfQ%3D%3D\">\n\t\t\t\t<div class=\"elementor-element elementor-element-6f70c31 elementor-widget elementor-widget-text-editor\" data-id=\"6f70c31\" data-element_type=\"widget\" data-e-type=\"widget\" data-widget_type=\"text-editor.default\">\n\t\t\t\t\t\t\t\t\t<p>Finanzplanung<\/p>\t\t\t\t\t\t\t\t<\/div>\n\t\t\t\t<div class=\"elementor-element elementor-element-a61bd2b elementor-view-default elementor-widget elementor-widget-icon\" data-id=\"a61bd2b\" data-element_type=\"widget\" data-e-type=\"widget\" data-widget_type=\"icon.default\">\n\t\t\t\t\t\t\t<div class=\"elementor-icon-wrapper\">\n\t\t\t<div class=\"elementor-icon\">\n\t\t\t<svg xmlns=\"http:\/\/www.w3.org\/2000\/svg\" viewBox=\"0 0 24 24\" width=\"32\" height=\"32\" color=\"#ffffff\" fill=\"none\" stroke=\"#ffffff\" stroke-width=\"2\" stroke-linecap=\"round\" stroke-linejoin=\"round\"><path d=\"M22 12.5001C22 12.0087 21.9947 11.0172 21.9842 10.5244C21.9189 7.45886 21.8862 5.92609 20.7551 4.79066C19.6239 3.65523 18.0497 3.61568 14.9012 3.53657C12.9607 3.48781 11.0393 3.48781 9.09882 3.53656C5.95033 3.61566 4.37608 3.65521 3.24495 4.79065C2.11382 5.92608 2.08114 7.45885 2.01576 10.5244C1.99474 11.5101 1.99475 12.4899 2.01577 13.4756C2.08114 16.5412 2.11383 18.0739 3.24496 19.2094C4.37608 20.3448 5.95033 20.3843 9.09883 20.4634C9.90159 20.4836 10.7011 20.4954 11.5 20.4989\"><\/path><path d=\"M7 8.5L9.94202 10.2394C11.6572 11.2535 12.3428 11.2535 14.058 10.2394L17 8.5\"><\/path><path d=\"M22 17.5L14 17.5M22 17.5C22 16.7998 20.0057 15.4915 19.5 15M22 17.5C22 18.2002 20.0057 19.5085 19.5 20\"><\/path><\/svg>\t\t\t<\/div>\n\t\t<\/div>\n\t\t\t\t\t\t<\/div>\n\t\t\t\t<\/a>\n\t\t<div class=\"elementor-element elementor-element-cb03871 e-con-full e-flex e-con e-child\" data-id=\"cb03871\" data-element_type=\"container\" data-e-type=\"container\">\n\t\t\t\t<div class=\"elementor-element elementor-element-d292a7e elementor-widget elementor-widget-text-editor\" data-id=\"d292a7e\" data-element_type=\"widget\" data-e-type=\"widget\" data-widget_type=\"text-editor.default\">\n\t\t\t\t\t\t\t\t\t<p>M\u00f6chten Sie h\u00f6here Ertr\u00e4ge erzielen oder Ihr Kapital intelligenter diversifizieren?<\/p>\t\t\t\t\t\t\t\t<\/div>\n\t\t\t\t<\/div>\n\t\t\t\t<\/div>\n\t\t<div class=\"elementor-element elementor-element-5f8dab4 e-con-full e-flex e-con e-child\" data-id=\"5f8dab4\" data-element_type=\"container\" data-e-type=\"container\">\n\t\t<a class=\"elementor-element elementor-element-34c1292 e-con-full e-flex e-con e-child\" data-id=\"34c1292\" data-element_type=\"container\" data-e-type=\"container\" data-settings=\"{&quot;background_background&quot;:&quot;classic&quot;}\" href=\"#elementor-action%3Aaction%3Dpopup%3Aopen%26settings%3DeyJpZCI6ODc0LCJ0b2dnbGUiOmZhbHNlfQ%3D%3D\">\n\t\t\t\t<div class=\"elementor-element elementor-element-e62d6bd elementor-widget elementor-widget-text-editor\" data-id=\"e62d6bd\" data-element_type=\"widget\" data-e-type=\"widget\" data-widget_type=\"text-editor.default\">\n\t\t\t\t\t\t\t\t\t<p>Luxus-Immobilien<\/p>\t\t\t\t\t\t\t\t<\/div>\n\t\t\t\t<div class=\"elementor-element elementor-element-db09544 elementor-view-default elementor-widget elementor-widget-icon\" data-id=\"db09544\" data-element_type=\"widget\" data-e-type=\"widget\" data-widget_type=\"icon.default\">\n\t\t\t\t\t\t\t<div class=\"elementor-icon-wrapper\">\n\t\t\t<div class=\"elementor-icon\">\n\t\t\t<svg xmlns=\"http:\/\/www.w3.org\/2000\/svg\" viewBox=\"0 0 24 24\" width=\"32\" height=\"32\" color=\"#ffffff\" fill=\"none\" stroke=\"#ffffff\" stroke-width=\"2\" stroke-linecap=\"round\" stroke-linejoin=\"round\"><path d=\"M22 12.5001C22 12.0087 21.9947 11.0172 21.9842 10.5244C21.9189 7.45886 21.8862 5.92609 20.7551 4.79066C19.6239 3.65523 18.0497 3.61568 14.9012 3.53657C12.9607 3.48781 11.0393 3.48781 9.09882 3.53656C5.95033 3.61566 4.37608 3.65521 3.24495 4.79065C2.11382 5.92608 2.08114 7.45885 2.01576 10.5244C1.99474 11.5101 1.99475 12.4899 2.01577 13.4756C2.08114 16.5412 2.11383 18.0739 3.24496 19.2094C4.37608 20.3448 5.95033 20.3843 9.09883 20.4634C9.90159 20.4836 10.7011 20.4954 11.5 20.4989\"><\/path><path d=\"M7 8.5L9.94202 10.2394C11.6572 11.2535 12.3428 11.2535 14.058 10.2394L17 8.5\"><\/path><path d=\"M22 17.5L14 17.5M22 17.5C22 16.7998 20.0057 15.4915 19.5 15M22 17.5C22 18.2002 20.0057 19.5085 19.5 20\"><\/path><\/svg>\t\t\t<\/div>\n\t\t<\/div>\n\t\t\t\t\t\t<\/div>\n\t\t\t\t<\/a>\n\t\t<div class=\"elementor-element elementor-element-f557f5f e-con-full e-flex e-con e-child\" data-id=\"f557f5f\" data-element_type=\"container\" data-e-type=\"container\">\n\t\t\t\t<div class=\"elementor-element elementor-element-0546366 elementor-widget elementor-widget-text-editor\" data-id=\"0546366\" data-element_type=\"widget\" data-e-type=\"widget\" data-widget_type=\"text-editor.default\">\n\t\t\t\t\t\t\t\t\t<p>Sind Sie an einer Luxus-Immobilie in Dubai, Deutschland oder weltweit interessiert?<\/p>\t\t\t\t\t\t\t\t<\/div>\n\t\t\t\t<\/div>\n\t\t\t\t<\/div>\n\t\t<div class=\"elementor-element elementor-element-831c951 e-con-full e-flex e-con e-child\" data-id=\"831c951\" data-element_type=\"container\" data-e-type=\"container\">\n\t\t<a class=\"elementor-element elementor-element-d77b955 e-con-full e-flex e-con e-child\" data-id=\"d77b955\" data-element_type=\"container\" data-e-type=\"container\" data-settings=\"{&quot;background_background&quot;:&quot;classic&quot;}\" href=\"#elementor-action%3Aaction%3Dpopup%3Aopen%26settings%3DeyJpZCI6ODc2LCJ0b2dnbGUiOmZhbHNlfQ%3D%3D\">\n\t\t\t\t<div class=\"elementor-element elementor-element-c1cdb9d elementor-widget elementor-widget-text-editor\" data-id=\"c1cdb9d\" data-element_type=\"widget\" data-e-type=\"widget\" data-widget_type=\"text-editor.default\">\n\t\t\t\t\t\t\t\t\t<p>Marketing &amp; Kommunikation<\/p>\t\t\t\t\t\t\t\t<\/div>\n\t\t\t\t<div class=\"elementor-element elementor-element-fa8c98d elementor-view-default elementor-widget elementor-widget-icon\" data-id=\"fa8c98d\" data-element_type=\"widget\" data-e-type=\"widget\" data-widget_type=\"icon.default\">\n\t\t\t\t\t\t\t<div class=\"elementor-icon-wrapper\">\n\t\t\t<div class=\"elementor-icon\">\n\t\t\t<svg xmlns=\"http:\/\/www.w3.org\/2000\/svg\" viewBox=\"0 0 24 24\" width=\"32\" height=\"32\" color=\"#ffffff\" fill=\"none\" stroke=\"#ffffff\" stroke-width=\"2\" stroke-linecap=\"round\" stroke-linejoin=\"round\"><path d=\"M22 12.5001C22 12.0087 21.9947 11.0172 21.9842 10.5244C21.9189 7.45886 21.8862 5.92609 20.7551 4.79066C19.6239 3.65523 18.0497 3.61568 14.9012 3.53657C12.9607 3.48781 11.0393 3.48781 9.09882 3.53656C5.95033 3.61566 4.37608 3.65521 3.24495 4.79065C2.11382 5.92608 2.08114 7.45885 2.01576 10.5244C1.99474 11.5101 1.99475 12.4899 2.01577 13.4756C2.08114 16.5412 2.11383 18.0739 3.24496 19.2094C4.37608 20.3448 5.95033 20.3843 9.09883 20.4634C9.90159 20.4836 10.7011 20.4954 11.5 20.4989\"><\/path><path d=\"M7 8.5L9.94202 10.2394C11.6572 11.2535 12.3428 11.2535 14.058 10.2394L17 8.5\"><\/path><path d=\"M22 17.5L14 17.5M22 17.5C22 16.7998 20.0057 15.4915 19.5 15M22 17.5C22 18.2002 20.0057 19.5085 19.5 20\"><\/path><\/svg>\t\t\t<\/div>\n\t\t<\/div>\n\t\t\t\t\t\t<\/div>\n\t\t\t\t<\/a>\n\t\t<div class=\"elementor-element elementor-element-e33852d e-con-full e-flex e-con e-child\" data-id=\"e33852d\" data-element_type=\"container\" data-e-type=\"container\">\n\t\t\t\t<div class=\"elementor-element elementor-element-35450f7 elementor-widget elementor-widget-text-editor\" data-id=\"35450f7\" data-element_type=\"widget\" data-e-type=\"widget\" data-widget_type=\"text-editor.default\">\n\t\t\t\t\t\t\t\t\t<p>Ben\u00f6tigen Sie Unterst\u00fctzung im Bereich Marketing, Branding und Kommunikation?<\/p>\t\t\t\t\t\t\t\t<\/div>\n\t\t\t\t<\/div>\n\t\t\t\t<\/div>\n\t\t<div class=\"elementor-element elementor-element-a30862a e-con-full e-flex e-con e-child\" data-id=\"a30862a\" data-element_type=\"container\" data-e-type=\"container\">\n\t\t<a class=\"elementor-element elementor-element-bb9f187 e-con-full e-flex e-con e-child\" data-id=\"bb9f187\" data-element_type=\"container\" data-e-type=\"container\" data-settings=\"{&quot;background_background&quot;:&quot;classic&quot;}\" href=\"#elementor-action%3Aaction%3Dpopup%3Aopen%26settings%3DeyJpZCI6ODc4LCJ0b2dnbGUiOmZhbHNlfQ%3D%3D\">\n\t\t\t\t<div class=\"elementor-element elementor-element-09cc745 elementor-widget elementor-widget-text-editor\" data-id=\"09cc745\" data-element_type=\"widget\" data-e-type=\"widget\" data-widget_type=\"text-editor.default\">\n\t\t\t\t\t\t\t\t\t<p>Luxury Hospitality<\/p>\t\t\t\t\t\t\t\t<\/div>\n\t\t\t\t<div class=\"elementor-element elementor-element-7b66cf9 elementor-view-default elementor-widget elementor-widget-icon\" data-id=\"7b66cf9\" data-element_type=\"widget\" data-e-type=\"widget\" data-widget_type=\"icon.default\">\n\t\t\t\t\t\t\t<div class=\"elementor-icon-wrapper\">\n\t\t\t<div class=\"elementor-icon\">\n\t\t\t<svg xmlns=\"http:\/\/www.w3.org\/2000\/svg\" viewBox=\"0 0 24 24\" width=\"32\" height=\"32\" color=\"#ffffff\" fill=\"none\" stroke=\"#ffffff\" stroke-width=\"2\" stroke-linecap=\"round\" stroke-linejoin=\"round\"><path d=\"M22 12.5001C22 12.0087 21.9947 11.0172 21.9842 10.5244C21.9189 7.45886 21.8862 5.92609 20.7551 4.79066C19.6239 3.65523 18.0497 3.61568 14.9012 3.53657C12.9607 3.48781 11.0393 3.48781 9.09882 3.53656C5.95033 3.61566 4.37608 3.65521 3.24495 4.79065C2.11382 5.92608 2.08114 7.45885 2.01576 10.5244C1.99474 11.5101 1.99475 12.4899 2.01577 13.4756C2.08114 16.5412 2.11383 18.0739 3.24496 19.2094C4.37608 20.3448 5.95033 20.3843 9.09883 20.4634C9.90159 20.4836 10.7011 20.4954 11.5 20.4989\"><\/path><path d=\"M7 8.5L9.94202 10.2394C11.6572 11.2535 12.3428 11.2535 14.058 10.2394L17 8.5\"><\/path><path d=\"M22 17.5L14 17.5M22 17.5C22 16.7998 20.0057 15.4915 19.5 15M22 17.5C22 18.2002 20.0057 19.5085 19.5 20\"><\/path><\/svg>\t\t\t<\/div>\n\t\t<\/div>\n\t\t\t\t\t\t<\/div>\n\t\t\t\t<\/a>\n\t\t<div class=\"elementor-element elementor-element-62f3622 e-con-full e-flex e-con e-child\" data-id=\"62f3622\" data-element_type=\"container\" data-e-type=\"container\">\n\t\t\t\t<div class=\"elementor-element elementor-element-1a6ab7e elementor-widget elementor-widget-text-editor\" data-id=\"1a6ab7e\" data-element_type=\"widget\" data-e-type=\"widget\" data-widget_type=\"text-editor.default\">\n\t\t\t\t\t\t\t\t\t<p>Sind Sie f\u00fcr Ihren n\u00e4chsten Urlaub auf der Suche nach einer privaten Traum-Villa in S\u00fcdafrika?<\/p>\t\t\t\t\t\t\t\t<\/div>\n\t\t\t\t<\/div>\n\t\t\t\t<\/div>\n\t\t\t\t<\/div>\n\t\t\t\t\t<\/div>\n\t\t\t\t<\/div>\n\t\t\t\t<\/div>\n\t\t","protected":false},"excerpt":{"rendered":"<p>Lassen Sie uns sprechen \u2013\u00fcber Ihre Ziele W\u00e4hlen Sie aus. Gerne auch mehrere Themen. Finanzplanung M\u00f6chten Sie h\u00f6here Ertr\u00e4ge erzielen oder Ihr Kapital intelligenter diversifizieren? Luxus-Immobilien Sind Sie an einer Luxus-Immobilie in Dubai, Deutschland oder weltweit interessiert? Marketing &amp; Kommunikation Ben\u00f6tigen Sie Unterst\u00fctzung im Bereich Marketing, Branding und Kommunikation? Luxury Hospitality Sind Sie f\u00fcr Ihren [&hellip;]<\/p>\n","protected":false},"author":2,"featured_media":0,"parent":0,"menu_order":0,"comment_status":"closed","ping_status":"closed","template":"elementor_header_footer","meta":{"footnotes":""},"class_list":["post-1078","page","type-page","status-publish","hentry"],"_links":{"self":[{"href":"https:\/\/www.deecke-holding.com\/de\/wp-json\/wp\/v2\/pages\/1078","targetHints":{"allow":["GET"]}}],"collection":[{"href":"https:\/\/www.deecke-holding.com\/de\/wp-json\/wp\/v2\/pages"}],"about":[{"href":"https:\/\/www.deecke-holding.com\/de\/wp-json\/wp\/v2\/types\/page"}],"author":[{"embeddable":true,"href":"https:\/\/www.deecke-holding.com\/de\/wp-json\/wp\/v2\/users\/2"}],"replies":[{"embeddable":true,"href":"https:\/\/www.deecke-holding.com\/de\/wp-json\/wp\/v2\/comments?post=1078"}],"version-history":[{"count":2,"href":"https:\/\/www.deecke-holding.com\/de\/wp-json\/wp\/v2\/pages\/1078\/revisions"}],"predecessor-version":[{"id":1086,"href":"https:\/\/www.deecke-holding.com\/de\/wp-json\/wp\/v2\/pages\/1078\/revisions\/1086"}],"wp:attachment":[{"href":"https:\/\/www.deecke-holding.com\/de\/wp-json\/wp\/v2\/media?parent=1078"}],"curies":[{"name":"wp","href":"https:\/\/api.w.org\/{rel}","templated":true}]}}